{"id":4065,"date":"2021-06-23T10:24:29","date_gmt":"2021-06-23T08:24:29","guid":{"rendered":"https:\/\/www.herbolarioarboldete.com\/?post_type=product&#038;p=4065"},"modified":"2023-04-05T12:10:05","modified_gmt":"2023-04-05T10:10:05","slug":"crema-solar-15-100ml-solar-tea","status":"publish","type":"product","link":"https:\/\/www.herbolarioarboldete.com\/index.php\/producto\/crema-solar-15-100ml-solar-tea\/","title":{"rendered":"Crema Solar 15 100ml Solar Tea"},"content":{"rendered":"","protected":false},"excerpt":{"rendered":"<p>CREMA SOLAR 15 100ML SOLAR TEA<\/p>\n<p>Crema solar protectora ecol\u00f3gica, con filtros solares minerales&nbsp; adecuada&nbsp;<b><i>para pieles normales y resistentes al sol<\/i><\/b>.<br \/>Una fuente constante de vitaminas, protege la piel con total seguridad contra los rayos UVA y UVB, la hidrata sin engrasar y sin crear barreras a la transpiraci\u00f3n natural de la piel. Ideal tanto para el mar como para la monta\u00f1a.<\/p>\n<ul>\n<li>Protege<\/li>\n<li>Hidrata<\/li>\n<li>Nutre<\/li>\n<\/ul>\n<p><i>Probado dermatol\u00f3gicamente | Espec\u00edficamente formulado para reducir la alergia cut\u00e1nea al m\u00ednimo<\/i><\/p>\n","protected":false},"featured_media":4091,"comment_status":"open","ping_status":"closed","template":"","meta":{"_monsterinsights_skip_tracking":false,"_monsterinsights_sitenote_active":false,"_monsterinsights_sitenote_note":"","_monsterinsights_sitenote_category":0,"spay_email":""},"product_cat":[35],"product_tag":[65],"class_list":["post-4065","product","type-product","status-publish","has-post-thumbnail","hentry","product_cat-cosmetica-natural","product_tag-solares-y-after-sun"],"_links":{"self":[{"href":"https:\/\/www.herbolarioarboldete.com\/index.php\/wp-json\/wp\/v2\/product\/4065","targetHints":{"allow":["GET"]}}],"collection":[{"href":"https:\/\/www.herbolarioarboldete.com\/index.php\/wp-json\/wp\/v2\/product"}],"about":[{"href":"https:\/\/www.herbolarioarboldete.com\/index.php\/wp-json\/wp\/v2\/types\/product"}],"replies":[{"embeddable":true,"href":"https:\/\/www.herbolarioarboldete.com\/index.php\/wp-json\/wp\/v2\/comments?post=4065"}],"wp:featuredmedia":[{"embeddable":true,"href":"https:\/\/www.herbolarioarboldete.com\/index.php\/wp-json\/wp\/v2\/media\/4091"}],"wp:attachment":[{"href":"https:\/\/www.herbolarioarboldete.com\/index.php\/wp-json\/wp\/v2\/media?parent=4065"}],"wp:term":[{"taxonomy":"product_cat","embeddable":true,"href":"https:\/\/www.herbolarioarboldete.com\/index.php\/wp-json\/wp\/v2\/product_cat?post=4065"},{"taxonomy":"product_tag","embeddable":true,"href":"https:\/\/www.herbolarioarboldete.com\/index.php\/wp-json\/wp\/v2\/product_tag?post=4065"}],"curies":[{"name":"wp","href":"https:\/\/api.w.org\/{rel}","templated":true}]}}