{"id":4066,"date":"2021-06-23T10:24:29","date_gmt":"2021-06-23T08:24:29","guid":{"rendered":"https:\/\/www.herbolarioarboldete.com\/?post_type=product&#038;p=4066"},"modified":"2023-04-05T12:09:58","modified_gmt":"2023-04-05T10:09:58","slug":"spray-solar-baby-50-100ml-solar-tea","status":"publish","type":"product","link":"https:\/\/www.herbolarioarboldete.com\/index.php\/producto\/spray-solar-baby-50-100ml-solar-tea\/","title":{"rendered":"Spray Solar Baby 50+ 100ml Solar Tea"},"content":{"rendered":"","protected":false},"excerpt":{"rendered":"<p>SPRAY SOLAR BABY 50+ 100ml SOLAR TEA<\/p>\n<p>Spray solar protector adecuado <b><i>para la piel sensible y delicada de beb\u00e9s, ni\u00f1os y padres durante sus primeras exposiciones al sol.&nbsp;<\/i><\/b>Una fuente constante de vitaminas, protege la piel con total seguridad contra los rayos UVA y UVB, la hidrata sin engrasar y sin crear barreras tanto para el mar como para las monta\u00f1as a la transpiraci\u00f3n natural de la piel. Ideal tanto para el mar como para la monta\u00f1a.<\/p>\n","protected":false},"featured_media":4090,"comment_status":"open","ping_status":"closed","template":"","meta":{"_monsterinsights_skip_tracking":false,"_monsterinsights_sitenote_active":false,"_monsterinsights_sitenote_note":"","_monsterinsights_sitenote_category":0,"spay_email":""},"product_cat":[35],"product_tag":[65],"class_list":["post-4066","product","type-product","status-publish","has-post-thumbnail","hentry","product_cat-cosmetica-natural","product_tag-solares-y-after-sun"],"_links":{"self":[{"href":"https:\/\/www.herbolarioarboldete.com\/index.php\/wp-json\/wp\/v2\/product\/4066","targetHints":{"allow":["GET"]}}],"collection":[{"href":"https:\/\/www.herbolarioarboldete.com\/index.php\/wp-json\/wp\/v2\/product"}],"about":[{"href":"https:\/\/www.herbolarioarboldete.com\/index.php\/wp-json\/wp\/v2\/types\/product"}],"replies":[{"embeddable":true,"href":"https:\/\/www.herbolarioarboldete.com\/index.php\/wp-json\/wp\/v2\/comments?post=4066"}],"wp:featuredmedia":[{"embeddable":true,"href":"https:\/\/www.herbolarioarboldete.com\/index.php\/wp-json\/wp\/v2\/media\/4090"}],"wp:attachment":[{"href":"https:\/\/www.herbolarioarboldete.com\/index.php\/wp-json\/wp\/v2\/media?parent=4066"}],"wp:term":[{"taxonomy":"product_cat","embeddable":true,"href":"https:\/\/www.herbolarioarboldete.com\/index.php\/wp-json\/wp\/v2\/product_cat?post=4066"},{"taxonomy":"product_tag","embeddable":true,"href":"https:\/\/www.herbolarioarboldete.com\/index.php\/wp-json\/wp\/v2\/product_tag?post=4066"}],"curies":[{"name":"wp","href":"https:\/\/api.w.org\/{rel}","templated":true}]}}