{"id":4101,"date":"2021-06-30T09:59:16","date_gmt":"2021-06-30T07:59:16","guid":{"rendered":"https:\/\/www.herbolarioarboldete.com\/?post_type=product&#038;p=4101"},"modified":"2023-04-05T12:09:41","modified_gmt":"2023-04-05T10:09:41","slug":"infusion-de-guarana-vital-100gr","status":"publish","type":"product","link":"https:\/\/www.herbolarioarboldete.com\/index.php\/producto\/infusion-de-guarana-vital-100gr\/","title":{"rendered":"Infusi\u00f3n de guaran\u00e1 vital 100gr"},"content":{"rendered":"","protected":false},"excerpt":{"rendered":"<p>Favorece la activad cuerpo y mente.<\/p>\n<p>Ajedrea, tulsi, hoja de mora, c\u00e1scara de naranja, rooibos, jengibre, manzana, lemongrass, smillas de guaran\u00e1, guaran\u00e1 en polvo, canela, cardamomo, pimienta rosa y aroma.<\/p>\n","protected":false},"featured_media":4148,"comment_status":"open","ping_status":"closed","template":"","meta":{"_monsterinsights_skip_tracking":false,"_monsterinsights_sitenote_active":false,"_monsterinsights_sitenote_note":"","_monsterinsights_sitenote_category":0,"spay_email":""},"product_cat":[54],"product_tag":[],"class_list":["post-4101","product","type-product","status-publish","has-post-thumbnail","hentry","product_cat-tes-e-infusiones"],"_links":{"self":[{"href":"https:\/\/www.herbolarioarboldete.com\/index.php\/wp-json\/wp\/v2\/product\/4101","targetHints":{"allow":["GET"]}}],"collection":[{"href":"https:\/\/www.herbolarioarboldete.com\/index.php\/wp-json\/wp\/v2\/product"}],"about":[{"href":"https:\/\/www.herbolarioarboldete.com\/index.php\/wp-json\/wp\/v2\/types\/product"}],"replies":[{"embeddable":true,"href":"https:\/\/www.herbolarioarboldete.com\/index.php\/wp-json\/wp\/v2\/comments?post=4101"}],"wp:featuredmedia":[{"embeddable":true,"href":"https:\/\/www.herbolarioarboldete.com\/index.php\/wp-json\/wp\/v2\/media\/4148"}],"wp:attachment":[{"href":"https:\/\/www.herbolarioarboldete.com\/index.php\/wp-json\/wp\/v2\/media?parent=4101"}],"wp:term":[{"taxonomy":"product_cat","embeddable":true,"href":"https:\/\/www.herbolarioarboldete.com\/index.php\/wp-json\/wp\/v2\/product_cat?post=4101"},{"taxonomy":"product_tag","embeddable":true,"href":"https:\/\/www.herbolarioarboldete.com\/index.php\/wp-json\/wp\/v2\/product_tag?post=4101"}],"curies":[{"name":"wp","href":"https:\/\/api.w.org\/{rel}","templated":true}]}}