{"id":4119,"date":"2021-06-30T09:59:29","date_gmt":"2021-06-30T07:59:29","guid":{"rendered":"https:\/\/www.herbolarioarboldete.com\/?post_type=product&#038;p=4119"},"modified":"2023-04-05T12:09:00","modified_gmt":"2023-04-05T10:09:00","slug":"mascarilla-hidratissima-noche-armonia-1-unidad","status":"publish","type":"product","link":"https:\/\/www.herbolarioarboldete.com\/index.php\/producto\/mascarilla-hidratissima-noche-armonia-1-unidad\/","title":{"rendered":"Mascarilla Hidratissima Noche Armonia 1 Unidad"},"content":{"rendered":"","protected":false},"excerpt":{"rendered":"<p>MASCARILLA HIDRATISSIMA NOCHE ARMONIA 1 UNIDAD<\/p>\n<p>Mascarilla facial que ayuda a restablecer las propiedades de una piel hidratada. Evita la p\u00e9rdida de agua, regenera y nutre la piel. Contiene un activo proveniente del pino, con eficacia demostrada, que proporciona un efecto barrera contra la p\u00e9rdida de agua de la piel y varios activos como la manteca de karit\u00e9, aceite de arg\u00e1n y extracto de rosa que confieren un extra de nutrici\u00f3n e hidrataci\u00f3n inmediata.<\/p>\n","protected":false},"featured_media":4122,"comment_status":"open","ping_status":"closed","template":"","meta":{"_monsterinsights_skip_tracking":false,"_monsterinsights_sitenote_active":false,"_monsterinsights_sitenote_note":"","_monsterinsights_sitenote_category":0,"spay_email":""},"product_cat":[35],"product_tag":[57],"class_list":["post-4119","product","type-product","status-publish","has-post-thumbnail","hentry","product_cat-cosmetica-natural","product_tag-cosmetica-capilar"],"_links":{"self":[{"href":"https:\/\/www.herbolarioarboldete.com\/index.php\/wp-json\/wp\/v2\/product\/4119","targetHints":{"allow":["GET"]}}],"collection":[{"href":"https:\/\/www.herbolarioarboldete.com\/index.php\/wp-json\/wp\/v2\/product"}],"about":[{"href":"https:\/\/www.herbolarioarboldete.com\/index.php\/wp-json\/wp\/v2\/types\/product"}],"replies":[{"embeddable":true,"href":"https:\/\/www.herbolarioarboldete.com\/index.php\/wp-json\/wp\/v2\/comments?post=4119"}],"wp:featuredmedia":[{"embeddable":true,"href":"https:\/\/www.herbolarioarboldete.com\/index.php\/wp-json\/wp\/v2\/media\/4122"}],"wp:attachment":[{"href":"https:\/\/www.herbolarioarboldete.com\/index.php\/wp-json\/wp\/v2\/media?parent=4119"}],"wp:term":[{"taxonomy":"product_cat","embeddable":true,"href":"https:\/\/www.herbolarioarboldete.com\/index.php\/wp-json\/wp\/v2\/product_cat?post=4119"},{"taxonomy":"product_tag","embeddable":true,"href":"https:\/\/www.herbolarioarboldete.com\/index.php\/wp-json\/wp\/v2\/product_tag?post=4119"}],"curies":[{"name":"wp","href":"https:\/\/api.w.org\/{rel}","templated":true}]}}