{"id":4159,"date":"2021-08-25T11:42:48","date_gmt":"2021-08-25T09:42:48","guid":{"rendered":"https:\/\/www.herbolarioarboldete.com\/?post_type=product&#038;p=4159"},"modified":"2023-04-05T12:08:34","modified_gmt":"2023-04-05T10:08:34","slug":"bifisiete-formula-advance-30-capsulas-tongil","status":"publish","type":"product","link":"https:\/\/www.herbolarioarboldete.com\/index.php\/producto\/bifisiete-formula-advance-30-capsulas-tongil\/","title":{"rendered":"Bifisiete Formula advance 30 capsulas Tongil"},"content":{"rendered":"","protected":false},"excerpt":{"rendered":"<p>Bifisiete de Tongil es un complemento alimenticio a base de fermentos l\u00e1cticos y fibra prebi\u00f3tica.<\/p>\n<h4 class=\"et_pb_module_header\">CALIDAD BIFISIETE FORMULA ADVANCE<\/h4>\n<div class=\"et_pb_blurb_description\">\n<ul>\n<li>10.000 millones de probi\u00f3ticos en una sola c\u00e1psula.<\/li>\n<li>8 cepas de probi\u00f3ticos.<\/li>\n<li>Cepas resistentes al pH \u00e1cido del est\u00f3mago.<\/li>\n<li>F\u00f3rmula enriquecida con fibras prebi\u00f3ticas que sirven de alimento a los probi\u00f3ticos: Fructo-oligosac\u00e1ridos y fibra de soja.<\/li>\n<li>Proceso de fabricaci\u00f3n cuidando al m\u00e1ximo cada paso.<\/li>\n<\/ul>\n<\/div>\n","protected":false},"featured_media":4259,"comment_status":"open","ping_status":"closed","template":"","meta":{"_monsterinsights_skip_tracking":false,"_monsterinsights_sitenote_active":false,"_monsterinsights_sitenote_note":"","_monsterinsights_sitenote_category":0,"spay_email":""},"product_cat":[38],"product_tag":[80],"class_list":["post-4159","product","type-product","status-publish","has-post-thumbnail","hentry","product_cat-medicina-natural","product_tag-probioticos-y-prebioticos"],"_links":{"self":[{"href":"https:\/\/www.herbolarioarboldete.com\/index.php\/wp-json\/wp\/v2\/product\/4159","targetHints":{"allow":["GET"]}}],"collection":[{"href":"https:\/\/www.herbolarioarboldete.com\/index.php\/wp-json\/wp\/v2\/product"}],"about":[{"href":"https:\/\/www.herbolarioarboldete.com\/index.php\/wp-json\/wp\/v2\/types\/product"}],"replies":[{"embeddable":true,"href":"https:\/\/www.herbolarioarboldete.com\/index.php\/wp-json\/wp\/v2\/comments?post=4159"}],"wp:featuredmedia":[{"embeddable":true,"href":"https:\/\/www.herbolarioarboldete.com\/index.php\/wp-json\/wp\/v2\/media\/4259"}],"wp:attachment":[{"href":"https:\/\/www.herbolarioarboldete.com\/index.php\/wp-json\/wp\/v2\/media?parent=4159"}],"wp:term":[{"taxonomy":"product_cat","embeddable":true,"href":"https:\/\/www.herbolarioarboldete.com\/index.php\/wp-json\/wp\/v2\/product_cat?post=4159"},{"taxonomy":"product_tag","embeddable":true,"href":"https:\/\/www.herbolarioarboldete.com\/index.php\/wp-json\/wp\/v2\/product_tag?post=4159"}],"curies":[{"name":"wp","href":"https:\/\/api.w.org\/{rel}","templated":true}]}}