{"id":4161,"date":"2021-08-25T11:42:51","date_gmt":"2021-08-25T09:42:51","guid":{"rendered":"https:\/\/www.herbolarioarboldete.com\/?post_type=product&#038;p=4161"},"modified":"2023-04-05T12:08:34","modified_gmt":"2023-04-05T10:08:34","slug":"cacao-instantaneo-con-cereales-bio-400gr-destination","status":"publish","type":"product","link":"https:\/\/www.herbolarioarboldete.com\/index.php\/producto\/cacao-instantaneo-con-cereales-bio-400gr-destination\/","title":{"rendered":"Cacao instant\u00e1neo con cereales bio 400gr Destination"},"content":{"rendered":"","protected":false},"excerpt":{"rendered":"<p>Chocolate en polvo org\u00e1nico, esta agricultura org\u00e1nica certificada con cacao es altamente desgrasada (32% de grasa), con az\u00facar de ca\u00f1a y harinas de cereales (avena). <\/p>\n<p>Deliciosa bebida de chocolate con cacao, para&nbsp; los amantes de chocolate. <\/p>\n<p>Para un buen chocolate caliente o fr\u00edo pero org\u00e1nico. <\/p>\n<p><br data-mce-bogus=\"1\"><\/p>\n<p>COMPOSICI\u00d3N: ES &#8211; Ingredientes: az\u00facar de ca\u00f1a sin refinar * (65.7%), cacao * polvo magro (32%), crema de avena * (2.3%) &#8211; * de agricultura org\u00e1nica &#8211; Sistema de control CE Posible presencia de al\u00e9rgenos (gluten, soja, leche, huevos y nueces) INGREDIENTES: az\u00facar de ca\u00f1a 65,7%, cacao* magro en polvo 32%, crema de avena* 2.3%. Contiene gluten. Puede contener trazas de soja, leche, huevos y frutos con c\u00e1scara. (*)=De cultivo ecol\u00f3gico. An\u00e1lisis Nutricional por 100 gr: Valor Energ\u00e9tico KJ: 1555 kJ Valor Energ\u00e9tico KCal: 371 kcal Prote\u00ednas: 6,90 gr H. de carbono: 71,20 g de los cuales az\u00facares: 65,70 gr Grasas: 3,40 gr Saturadas: 2,30 gr Fibra: 13,20 gr Sal: 0,05 gr<\/p>\n","protected":false},"featured_media":4257,"comment_status":"open","ping_status":"closed","template":"","meta":{"_monsterinsights_skip_tracking":false,"_monsterinsights_sitenote_active":false,"_monsterinsights_sitenote_note":"","_monsterinsights_sitenote_category":0,"spay_email":""},"product_cat":[34],"product_tag":[61],"class_list":["post-4161","product","type-product","status-publish","has-post-thumbnail","hentry","product_cat-alimentacion","product_tag-desayunos"],"_links":{"self":[{"href":"https:\/\/www.herbolarioarboldete.com\/index.php\/wp-json\/wp\/v2\/product\/4161","targetHints":{"allow":["GET"]}}],"collection":[{"href":"https:\/\/www.herbolarioarboldete.com\/index.php\/wp-json\/wp\/v2\/product"}],"about":[{"href":"https:\/\/www.herbolarioarboldete.com\/index.php\/wp-json\/wp\/v2\/types\/product"}],"replies":[{"embeddable":true,"href":"https:\/\/www.herbolarioarboldete.com\/index.php\/wp-json\/wp\/v2\/comments?post=4161"}],"wp:featuredmedia":[{"embeddable":true,"href":"https:\/\/www.herbolarioarboldete.com\/index.php\/wp-json\/wp\/v2\/media\/4257"}],"wp:attachment":[{"href":"https:\/\/www.herbolarioarboldete.com\/index.php\/wp-json\/wp\/v2\/media?parent=4161"}],"wp:term":[{"taxonomy":"product_cat","embeddable":true,"href":"https:\/\/www.herbolarioarboldete.com\/index.php\/wp-json\/wp\/v2\/product_cat?post=4161"},{"taxonomy":"product_tag","embeddable":true,"href":"https:\/\/www.herbolarioarboldete.com\/index.php\/wp-json\/wp\/v2\/product_tag?post=4161"}],"curies":[{"name":"wp","href":"https:\/\/api.w.org\/{rel}","templated":true}]}}