{"id":4168,"date":"2021-08-25T11:42:58","date_gmt":"2021-08-25T09:42:58","guid":{"rendered":"https:\/\/www.herbolarioarboldete.com\/?post_type=product&#038;p=4168"},"modified":"2023-04-05T12:08:17","modified_gmt":"2023-04-05T10:08:17","slug":"maca-120-capsulas-el-granero","status":"publish","type":"product","link":"https:\/\/www.herbolarioarboldete.com\/index.php\/producto\/maca-120-capsulas-el-granero\/","title":{"rendered":"Maca 120 capsulas el Granero"},"content":{"rendered":"","protected":false},"excerpt":{"rendered":"<p>La Maca se ha utilizado tradicionalmente para aumentar la energ\u00eda y la resistencia f\u00edsica y mental, adem\u00e1s de potenciar la funci\u00f3n sexual al aumentar la libido tanto en hombres como en mujeres. La Maca puede aumentar la libido y la fertilidad independientemente del funcionamiento de las hormonas sexuales y par\u00e1metros emocionales como la depresi\u00f3n o la ansiedad. Se utiliza tambi\u00e9n para regular la actividad de los ovarios, en concreto en el caso de s\u00edndrome premenstrual o en caso de menopausia.<\/p>\n<p>La Maca es rica en nutrientes que est\u00e1n relacionados con su actividad, como amino\u00e1cidos y glucosinolatos.<\/p>\n","protected":false},"featured_media":4171,"comment_status":"open","ping_status":"closed","template":"","meta":{"_monsterinsights_skip_tracking":false,"_monsterinsights_sitenote_active":false,"_monsterinsights_sitenote_note":"","_monsterinsights_sitenote_category":0,"spay_email":""},"product_cat":[38],"product_tag":[79],"class_list":["post-4168","product","type-product","status-publish","has-post-thumbnail","hentry","product_cat-medicina-natural","product_tag-comprimido-de-plantas"],"_links":{"self":[{"href":"https:\/\/www.herbolarioarboldete.com\/index.php\/wp-json\/wp\/v2\/product\/4168","targetHints":{"allow":["GET"]}}],"collection":[{"href":"https:\/\/www.herbolarioarboldete.com\/index.php\/wp-json\/wp\/v2\/product"}],"about":[{"href":"https:\/\/www.herbolarioarboldete.com\/index.php\/wp-json\/wp\/v2\/types\/product"}],"replies":[{"embeddable":true,"href":"https:\/\/www.herbolarioarboldete.com\/index.php\/wp-json\/wp\/v2\/comments?post=4168"}],"wp:featuredmedia":[{"embeddable":true,"href":"https:\/\/www.herbolarioarboldete.com\/index.php\/wp-json\/wp\/v2\/media\/4171"}],"wp:attachment":[{"href":"https:\/\/www.herbolarioarboldete.com\/index.php\/wp-json\/wp\/v2\/media?parent=4168"}],"wp:term":[{"taxonomy":"product_cat","embeddable":true,"href":"https:\/\/www.herbolarioarboldete.com\/index.php\/wp-json\/wp\/v2\/product_cat?post=4168"},{"taxonomy":"product_tag","embeddable":true,"href":"https:\/\/www.herbolarioarboldete.com\/index.php\/wp-json\/wp\/v2\/product_tag?post=4168"}],"curies":[{"name":"wp","href":"https:\/\/api.w.org\/{rel}","templated":true}]}}