{"id":4276,"date":"2021-09-20T12:34:25","date_gmt":"2021-09-20T10:34:25","guid":{"rendered":"https:\/\/www.herbolarioarboldete.com\/?post_type=product&#038;p=4276"},"modified":"2023-04-05T12:08:01","modified_gmt":"2023-04-05T10:08:01","slug":"jabon-cremosos-suavizane-500ml-natura-siberica","status":"publish","type":"product","link":"https:\/\/www.herbolarioarboldete.com\/index.php\/producto\/jabon-cremosos-suavizane-500ml-natura-siberica\/","title":{"rendered":"Jabon cremosos suavizane 500ml Natura Siberica"},"content":{"rendered":"","protected":false},"excerpt":{"rendered":"<p>Jab\u00f3n de manos est\u00e1 formulado con extractos delicados de hierbas y plantas Siberianas para limpiar la piel con suavidad mientras se mantiene su equilibrio natural. La Milenrama silvestre de recolecci\u00f3n, la An\u00e9mona de Alt\u00e1i, la Avena Org\u00e1nica y la Manteca de Karit\u00e9 org\u00e1nica acondicionan la piel dej\u00e1ndola sedosa, lisa y suave.<\/p>\n","protected":false},"featured_media":4344,"comment_status":"open","ping_status":"closed","template":"","meta":{"_monsterinsights_skip_tracking":false,"_monsterinsights_sitenote_active":false,"_monsterinsights_sitenote_note":"","_monsterinsights_sitenote_category":0,"spay_email":""},"product_cat":[35],"product_tag":[64],"class_list":["post-4276","product","type-product","status-publish","has-post-thumbnail","hentry","product_cat-cosmetica-natural","product_tag-cosmetica-corporal"],"_links":{"self":[{"href":"https:\/\/www.herbolarioarboldete.com\/index.php\/wp-json\/wp\/v2\/product\/4276","targetHints":{"allow":["GET"]}}],"collection":[{"href":"https:\/\/www.herbolarioarboldete.com\/index.php\/wp-json\/wp\/v2\/product"}],"about":[{"href":"https:\/\/www.herbolarioarboldete.com\/index.php\/wp-json\/wp\/v2\/types\/product"}],"replies":[{"embeddable":true,"href":"https:\/\/www.herbolarioarboldete.com\/index.php\/wp-json\/wp\/v2\/comments?post=4276"}],"wp:featuredmedia":[{"embeddable":true,"href":"https:\/\/www.herbolarioarboldete.com\/index.php\/wp-json\/wp\/v2\/media\/4344"}],"wp:attachment":[{"href":"https:\/\/www.herbolarioarboldete.com\/index.php\/wp-json\/wp\/v2\/media?parent=4276"}],"wp:term":[{"taxonomy":"product_cat","embeddable":true,"href":"https:\/\/www.herbolarioarboldete.com\/index.php\/wp-json\/wp\/v2\/product_cat?post=4276"},{"taxonomy":"product_tag","embeddable":true,"href":"https:\/\/www.herbolarioarboldete.com\/index.php\/wp-json\/wp\/v2\/product_tag?post=4276"}],"curies":[{"name":"wp","href":"https:\/\/api.w.org\/{rel}","templated":true}]}}