{"id":4280,"date":"2021-09-20T12:34:41","date_gmt":"2021-09-20T10:34:41","guid":{"rendered":"https:\/\/www.herbolarioarboldete.com\/?post_type=product&#038;p=4280"},"modified":"2023-04-05T12:07:53","modified_gmt":"2023-04-05T10:07:53","slug":"hamburguesas-veganas-con-alto-contenido-en-proteina-green-vegan","status":"publish","type":"product","link":"https:\/\/www.herbolarioarboldete.com\/index.php\/producto\/hamburguesas-veganas-con-alto-contenido-en-proteina-green-vegan\/","title":{"rendered":"Hamburguesas Veganas con alto contenido en Prote\u00edna \/ Green Vegan"},"content":{"rendered":"","protected":false},"excerpt":{"rendered":"<p><strong>PREPARADO DE MASA VEGANA.<\/strong>&nbsp;Sabor de espinacas al romero.<\/p>\n<p>Podr\u00e1s preparar hasta 6&nbsp;<strong>hamburguesas veganas<\/strong>&nbsp;con alto contenido en prote\u00edna vegetal de guisante.<\/p>\n<p>No contiene ning\u00fan aditivo, ni conservante, ni colorante&#8230;<\/p>\n<p>Sin ning\u00fan tipo de al\u00e9rgeno.<\/p>\n<p>Prepara hamburguesas, nuggets, alb\u00f3ndigas o un picadillo vegetal para tus platos de pasta, pizzas, etc&#8230;<\/p>\n<p>NO NECESITA REFRIGERACI\u00d3N.<\/p>\n<p><strong>IMPORTANTE:&nbsp;<\/strong>Puedes preparar solo una parte.&nbsp;Para preparar&nbsp;<em><strong>una sola hamburguesa<\/strong><\/em><span>&nbsp;de la Green Vegan, coge del&nbsp;<\/span><em><strong>paso 1 una cucharada sopera rasa y del paso 2, una cucharada sopera colmada.<\/strong><\/em><span>&nbsp;Sobre la cantidad de agua, \u00e9chale lo que consideres hasta que liguen los dos pasos. Si te gusta la carne vegana m\u00e1s jugosa, \u00e9chale un pel\u00edn m\u00e1s de lo indicado.<\/span><\/p>\n<p>SIN GLUTEN Y SIN LACTOSA<\/p>\n<p>INGREDIENTES:<\/p>\n<p><strong>PASO 1:&nbsp;<\/strong>Prote\u00edna vegetal, pl\u00e1ntago (6,5%*)(*), especias, sal, maltodextrina de ma\u00edz, dextrosa de ma\u00edz, harina de arroz, harina integral de garbanzo, chlorella (0,9%*)(*), f\u00e9cula de patata, aroma natural, aroma y extracto de levadura.<\/p>\n<p><strong>PASO 2:&nbsp;<\/strong>Copos de guisante y vegetales deshidratados (espinaca, pimiento rojo y zanahoria).<\/p>\n<p>*% sobre el total de ingredientes de Paso 1 y Paso 2.<\/p>\n","protected":false},"featured_media":4326,"comment_status":"open","ping_status":"closed","template":"","meta":{"_monsterinsights_skip_tracking":false,"_monsterinsights_sitenote_active":false,"_monsterinsights_sitenote_note":"","_monsterinsights_sitenote_category":0,"spay_email":""},"product_cat":[34],"product_tag":[46],"class_list":["post-4280","product","type-product","status-publish","has-post-thumbnail","hentry","product_cat-alimentacion","product_tag-legumbres-y-cereales"],"_links":{"self":[{"href":"https:\/\/www.herbolarioarboldete.com\/index.php\/wp-json\/wp\/v2\/product\/4280","targetHints":{"allow":["GET"]}}],"collection":[{"href":"https:\/\/www.herbolarioarboldete.com\/index.php\/wp-json\/wp\/v2\/product"}],"about":[{"href":"https:\/\/www.herbolarioarboldete.com\/index.php\/wp-json\/wp\/v2\/types\/product"}],"replies":[{"embeddable":true,"href":"https:\/\/www.herbolarioarboldete.com\/index.php\/wp-json\/wp\/v2\/comments?post=4280"}],"wp:featuredmedia":[{"embeddable":true,"href":"https:\/\/www.herbolarioarboldete.com\/index.php\/wp-json\/wp\/v2\/media\/4326"}],"wp:attachment":[{"href":"https:\/\/www.herbolarioarboldete.com\/index.php\/wp-json\/wp\/v2\/media?parent=4280"}],"wp:term":[{"taxonomy":"product_cat","embeddable":true,"href":"https:\/\/www.herbolarioarboldete.com\/index.php\/wp-json\/wp\/v2\/product_cat?post=4280"},{"taxonomy":"product_tag","embeddable":true,"href":"https:\/\/www.herbolarioarboldete.com\/index.php\/wp-json\/wp\/v2\/product_tag?post=4280"}],"curies":[{"name":"wp","href":"https:\/\/api.w.org\/{rel}","templated":true}]}}