{"id":4282,"date":"2021-09-20T12:34:45","date_gmt":"2021-09-20T10:34:45","guid":{"rendered":"https:\/\/www.herbolarioarboldete.com\/?post_type=product&#038;p=4282"},"modified":"2023-04-05T12:07:53","modified_gmt":"2023-04-05T10:07:53","slug":"jabon-de-alepo-tradicional-20-aceite-de-laurel","status":"publish","type":"product","link":"https:\/\/www.herbolarioarboldete.com\/index.php\/producto\/jabon-de-alepo-tradicional-20-aceite-de-laurel\/","title":{"rendered":"Jab\u00f3n de alepo tradicional 20% aceite de laurel"},"content":{"rendered":"","protected":false},"excerpt":{"rendered":"<ul>\n<li>Est\u00e1 elaborado de manera tradicional desde hace 4 generaciones por la familia jabonera Zanabili.<\/li>\n<li>Este jab\u00f3n es ideal para la higiene diaria de manos, cara y cuerpo, as\u00ed como para el cabello e incluso como jab\u00f3n de afeitar.<\/li>\n<li>Nutre, regenera y suaviza la piel.<\/li>\n<li>Regula el cuero cabelludo y aporta volumen, brillo y cuerpo al cabello.<\/li>\n<li>Al ser 100% natural, resulta un jab\u00f3n hipoalerg\u00e9nico, sin conservantes ni perfumes, que no da\u00f1a la piel ni resulta agresivo, siendo muy adecuado para pacientes con picor de piel, eccema de manos, dermatitis at\u00f3pica y dermatitis de contacto irritativa o al\u00e9rgica.<\/li>\n<li>Este jab\u00f3n de Alepo est\u00e1 basado en dos materias primas el aceite de oliva y el aceite de laurel.<\/li>\n<li>El aceite de oliva tiene funciones de auto-regeneraci\u00f3n de la piel. Favorece la hidrataci\u00f3n y mantiene la piel tersa y suave.<\/li>\n<li>El aceite de bayas de laurel tiene efectos antis\u00e9pticos y circulatorios. Evita el acn\u00e9, la caspa y es antibacteriano.<\/li>\n<li>Este jab\u00f3n es vegano y no contiene aceites esenciales.<\/li>\n<li>Es 100% natural. No contiene t\u00f3xicos como colorantes, conservantes o fragancias artificiales.<\/li>\n<li>Disponible en formatos peque\u00f1os, es muy c\u00f3modo y ligero de transportar.<\/li>\n<li>Ideal para los neceseres de viaje minimalistas ya que es multiuso y vale para toda la familia.<\/li>\n<li>No contiene aceite de palma.<\/li>\n<li>Es biodegradable y muy duradero.<\/li>\n<\/ul>\n<h3><\/h3>\n<h3><strong>NUESTROS CONSEJOS PARA ELEGIR EL JAB\u00d3N DE ALEPO M\u00c1S INDICADO PARA TU TIPO DE PIEL<br \/>\n<\/strong><\/h3>\n<p>&nbsp;<\/p>\n<ul>\n<li>La familia Zanabili ha compartido con nosotras sus consejos para elegir el jab\u00f3n de Alepo que mejor se ajuste a cada tipo de piel.<\/li>\n<li>Cuanto m\u00e1s porcentaje de aceite de bayas de laurel contenga el jab\u00f3n m\u00e1s antis\u00e9ptico y antibacteriano ser\u00e1.<\/li>\n<li>Jab\u00f3n de Alepo con 20% de aceite de bayas de laurel: ideal para pieles mixtas y para el afeitado.<\/li>\n<\/ul>\n<p>&nbsp;<\/p>\n<h3><strong>NUESTROS TRUCOS Y CONSEJOS DE USO<\/strong><\/h3>\n<ul>\n<li>Este jab\u00f3n se puede usar para la higiene diaria de las manos, la cara y el cuerpo.<\/li>\n<li>Tambi\u00e9n se puede usar para el lavado del cabello. Ayuda a eliminar\u00a0el exceso\u00a0de grasa.<\/li>\n<li>En caso de usarlo como champ\u00fa, es muy importante aclararlo muy bien.<\/li>\n<li>\u00dasalo como espuma de afeitar para reducir irritaciones.<\/li>\n<li>No recomendamos cortar la pastilla ya que la parte interior (m\u00e1s verde) se ha secado menos y se puede desgastar m\u00e1s r\u00e1pido. La pastilla se ir\u00e1 secando a medida que la vayas usando.<\/li>\n<li>Evita guardar la pastilla a remojo entre cada uso ni tampoco en un sitio d\u00f3nde corra mucho el agua.<\/li>\n<\/ul>\n","protected":false},"featured_media":4310,"comment_status":"open","ping_status":"closed","template":"","meta":{"_monsterinsights_skip_tracking":false,"_monsterinsights_sitenote_active":false,"_monsterinsights_sitenote_note":"","_monsterinsights_sitenote_category":0,"spay_email":""},"product_cat":[32],"product_tag":[],"class_list":["post-4282","product","type-product","status-publish","has-post-thumbnail","hentry","product_cat-champu-y-acondicionador-solido"],"_links":{"self":[{"href":"https:\/\/www.herbolarioarboldete.com\/index.php\/wp-json\/wp\/v2\/product\/4282","targetHints":{"allow":["GET"]}}],"collection":[{"href":"https:\/\/www.herbolarioarboldete.com\/index.php\/wp-json\/wp\/v2\/product"}],"about":[{"href":"https:\/\/www.herbolarioarboldete.com\/index.php\/wp-json\/wp\/v2\/types\/product"}],"replies":[{"embeddable":true,"href":"https:\/\/www.herbolarioarboldete.com\/index.php\/wp-json\/wp\/v2\/comments?post=4282"}],"wp:featuredmedia":[{"embeddable":true,"href":"https:\/\/www.herbolarioarboldete.com\/index.php\/wp-json\/wp\/v2\/media\/4310"}],"wp:attachment":[{"href":"https:\/\/www.herbolarioarboldete.com\/index.php\/wp-json\/wp\/v2\/media?parent=4282"}],"wp:term":[{"taxonomy":"product_cat","embeddable":true,"href":"https:\/\/www.herbolarioarboldete.com\/index.php\/wp-json\/wp\/v2\/product_cat?post=4282"},{"taxonomy":"product_tag","embeddable":true,"href":"https:\/\/www.herbolarioarboldete.com\/index.php\/wp-json\/wp\/v2\/product_tag?post=4282"}],"curies":[{"name":"wp","href":"https:\/\/api.w.org\/{rel}","templated":true}]}}