{"id":4288,"date":"2021-09-20T12:34:56","date_gmt":"2021-09-20T10:34:56","guid":{"rendered":"https:\/\/www.herbolarioarboldete.com\/?post_type=product&#038;p=4288"},"modified":"2023-04-05T12:07:36","modified_gmt":"2023-04-05T10:07:36","slug":"jarabe-eisen-vital-f-hierro-250ml","status":"publish","type":"product","link":"https:\/\/www.herbolarioarboldete.com\/index.php\/producto\/jarabe-eisen-vital-f-hierro-250ml\/","title":{"rendered":"Jarabe eisen vital f hierro 250ml"},"content":{"rendered":"","protected":false},"excerpt":{"rendered":"<p>El Eisen Vital F Jarabe de Hubner es un complemento alimenticio que aporta hierro, de manera que es adecuado para tratar situaciones de anemia ferrop\u00e9nica, decaimiento f\u00edsico, cansancio, fatiga o cualquier otro estado en el que se requiera un aporte extra de hierro. Adem\u00e1s, este producto contiene vitamina C.<\/p>\n","protected":false},"featured_media":4304,"comment_status":"open","ping_status":"closed","template":"","meta":{"_monsterinsights_skip_tracking":false,"_monsterinsights_sitenote_active":false,"_monsterinsights_sitenote_note":"","_monsterinsights_sitenote_category":0,"spay_email":""},"product_cat":[40],"product_tag":[68],"class_list":["post-4288","product","type-product","status-publish","has-post-thumbnail","hentry","product_cat-complementos-nutricionales","product_tag-vitaminas-y-minerales"],"_links":{"self":[{"href":"https:\/\/www.herbolarioarboldete.com\/index.php\/wp-json\/wp\/v2\/product\/4288","targetHints":{"allow":["GET"]}}],"collection":[{"href":"https:\/\/www.herbolarioarboldete.com\/index.php\/wp-json\/wp\/v2\/product"}],"about":[{"href":"https:\/\/www.herbolarioarboldete.com\/index.php\/wp-json\/wp\/v2\/types\/product"}],"replies":[{"embeddable":true,"href":"https:\/\/www.herbolarioarboldete.com\/index.php\/wp-json\/wp\/v2\/comments?post=4288"}],"wp:featuredmedia":[{"embeddable":true,"href":"https:\/\/www.herbolarioarboldete.com\/index.php\/wp-json\/wp\/v2\/media\/4304"}],"wp:attachment":[{"href":"https:\/\/www.herbolarioarboldete.com\/index.php\/wp-json\/wp\/v2\/media?parent=4288"}],"wp:term":[{"taxonomy":"product_cat","embeddable":true,"href":"https:\/\/www.herbolarioarboldete.com\/index.php\/wp-json\/wp\/v2\/product_cat?post=4288"},{"taxonomy":"product_tag","embeddable":true,"href":"https:\/\/www.herbolarioarboldete.com\/index.php\/wp-json\/wp\/v2\/product_tag?post=4288"}],"curies":[{"name":"wp","href":"https:\/\/api.w.org\/{rel}","templated":true}]}}