{"id":4289,"date":"2021-09-20T12:34:59","date_gmt":"2021-09-20T10:34:59","guid":{"rendered":"https:\/\/www.herbolarioarboldete.com\/?post_type=product&#038;p=4289"},"modified":"2023-04-05T12:07:36","modified_gmt":"2023-04-05T10:07:36","slug":"sinergia-aromadifusion-fum-fum-terpenic-30gr","status":"publish","type":"product","link":"https:\/\/www.herbolarioarboldete.com\/index.php\/producto\/sinergia-aromadifusion-fum-fum-terpenic-30gr\/","title":{"rendered":"Sinergia aromadifusi\u00f3n fum fum Terpenic 30gr"},"content":{"rendered":"","protected":false},"excerpt":{"rendered":"<p>Est\u00e1 elaborado a base de una mezcla de aceites esenciales de Cedro Atlas, Verbena Ex\u00f3tica, Menta Piperita, Menta Campo, Lavandino, Pino Mar\u00edtimo, Eucalipto, entre otros.<\/p>\n<p>Esta sinergia ambiental es antihumo, y ayuda a eliminar olores desagradables para dejar una sensaci\u00f3n de limpieza en el ambiente. <\/p>\n<p>Posee una nota arom\u00e1tica de Frescor herbal intenso.<\/p>\n","protected":false},"featured_media":4297,"comment_status":"open","ping_status":"closed","template":"","meta":{"_monsterinsights_skip_tracking":false,"_monsterinsights_sitenote_active":false,"_monsterinsights_sitenote_note":"","_monsterinsights_sitenote_category":0,"spay_email":""},"product_cat":[24],"product_tag":[28],"class_list":["post-4289","product","type-product","status-publish","has-post-thumbnail","hentry","product_cat-aceites-esenciales","product_tag-sinergias"],"_links":{"self":[{"href":"https:\/\/www.herbolarioarboldete.com\/index.php\/wp-json\/wp\/v2\/product\/4289","targetHints":{"allow":["GET"]}}],"collection":[{"href":"https:\/\/www.herbolarioarboldete.com\/index.php\/wp-json\/wp\/v2\/product"}],"about":[{"href":"https:\/\/www.herbolarioarboldete.com\/index.php\/wp-json\/wp\/v2\/types\/product"}],"replies":[{"embeddable":true,"href":"https:\/\/www.herbolarioarboldete.com\/index.php\/wp-json\/wp\/v2\/comments?post=4289"}],"wp:featuredmedia":[{"embeddable":true,"href":"https:\/\/www.herbolarioarboldete.com\/index.php\/wp-json\/wp\/v2\/media\/4297"}],"wp:attachment":[{"href":"https:\/\/www.herbolarioarboldete.com\/index.php\/wp-json\/wp\/v2\/media?parent=4289"}],"wp:term":[{"taxonomy":"product_cat","embeddable":true,"href":"https:\/\/www.herbolarioarboldete.com\/index.php\/wp-json\/wp\/v2\/product_cat?post=4289"},{"taxonomy":"product_tag","embeddable":true,"href":"https:\/\/www.herbolarioarboldete.com\/index.php\/wp-json\/wp\/v2\/product_tag?post=4289"}],"curies":[{"name":"wp","href":"https:\/\/api.w.org\/{rel}","templated":true}]}}