{"id":690,"date":"2021-03-03T12:50:10","date_gmt":"2021-03-03T11:50:10","guid":{"rendered":"https:\/\/www.herbolarioarboldete.com\/?post_type=product&#038;p=690"},"modified":"2023-04-05T12:43:18","modified_gmt":"2023-04-05T10:43:18","slug":"aceite-esencial-lavanda-vera-10ml-terpenic","status":"publish","type":"product","link":"https:\/\/www.herbolarioarboldete.com\/index.php\/producto\/aceite-esencial-lavanda-vera-10ml-terpenic\/","title":{"rendered":"Aceite Esencial Lavanda Vera 10ml Terpenic"},"content":{"rendered":"","protected":false},"excerpt":{"rendered":"<p>Los aceites esenciales son la expresi\u00f3n m\u00e1s concentrada de la naturaleza. Cada uno de ellos contiene una composici\u00f3n arom\u00e1tica \u00fanica que los distingue y les aporta innumerables propiedades adem\u00e1s de tener una potente influencia en nuestras emociones.<\/p>\n<p>Se pueden utilizar para aroma difusi\u00f3n, diluidos en aceite vegetal para masajes o agregar en cosm\u00e9tica natural casera.<\/p>\n<p>En algunos casos podr\u00e1n aplicarse directamente sobre la piel e incluso por v\u00eda oral.<\/p>\n","protected":false},"featured_media":691,"comment_status":"open","ping_status":"closed","template":"","meta":{"_monsterinsights_skip_tracking":false,"_monsterinsights_sitenote_active":false,"_monsterinsights_sitenote_note":"","_monsterinsights_sitenote_category":0,"spay_email":""},"product_cat":[24],"product_tag":[25],"class_list":["post-690","product","type-product","status-publish","has-post-thumbnail","hentry","product_cat-aceites-esenciales","product_tag-aceites-esenciales"],"_links":{"self":[{"href":"https:\/\/www.herbolarioarboldete.com\/index.php\/wp-json\/wp\/v2\/product\/690","targetHints":{"allow":["GET"]}}],"collection":[{"href":"https:\/\/www.herbolarioarboldete.com\/index.php\/wp-json\/wp\/v2\/product"}],"about":[{"href":"https:\/\/www.herbolarioarboldete.com\/index.php\/wp-json\/wp\/v2\/types\/product"}],"replies":[{"embeddable":true,"href":"https:\/\/www.herbolarioarboldete.com\/index.php\/wp-json\/wp\/v2\/comments?post=690"}],"wp:featuredmedia":[{"embeddable":true,"href":"https:\/\/www.herbolarioarboldete.com\/index.php\/wp-json\/wp\/v2\/media\/691"}],"wp:attachment":[{"href":"https:\/\/www.herbolarioarboldete.com\/index.php\/wp-json\/wp\/v2\/media?parent=690"}],"wp:term":[{"taxonomy":"product_cat","embeddable":true,"href":"https:\/\/www.herbolarioarboldete.com\/index.php\/wp-json\/wp\/v2\/product_cat?post=690"},{"taxonomy":"product_tag","embeddable":true,"href":"https:\/\/www.herbolarioarboldete.com\/index.php\/wp-json\/wp\/v2\/product_tag?post=690"}],"curies":[{"name":"wp","href":"https:\/\/api.w.org\/{rel}","templated":true}]}}